{"id":63063,"date":"2019-06-03T17:23:29","date_gmt":"2019-06-03T16:23:29","guid":{"rendered":"http:\/\/energyfuture.inesctec.pt\/?page_id=63063"},"modified":"2021-10-26T14:48:39","modified_gmt":"2021-10-26T13:48:39","slug":"video","status":"publish","type":"page","link":"https:\/\/energyfuture.inesctec.pt\/?page_id=63063","title":{"rendered":"Videos"},"content":{"rendered":"<div class=\"container profilePage\">\n<div class=\"row profile\">\n<div class=\"col-md-9\" style=\"width: 100%;\">\n<div class=\"profile-content\">\n<p class=\"biography\">Videos<\/p>\n<div class=\"videosDiv\">\n<p class=\"videosTitle\">The Event<\/p>\n<div class=\"videosYoutube\"><iframe frameborder=\"0\" allow=\"accelerometer; encrypted-media; gyroscope; picture-in-picture\" allowfullscreen src=\"https:\/\/www.youtube.com\/embed\/hrpNfREAnM0\"><\/iframe><\/div>\n<\/p><\/div>\n<div class=\"videosDiv\">\n<p class=\"videosTitle\">Live Streaming<\/p>\n<div class=\"videosYoutube\"><iframe frameborder=\"0\" allow=\"accelerometer; encrypted-media; gyroscope; picture-in-picture\" allowfullscreen src=\"https:\/\/www.youtube.com\/embed\/7-ga8DRrGTI\"><\/iframe><\/div>\n<\/p><\/div>\n<div class=\"videosDiv\">\n<p class=\"videosTitle\">TEC4Energy<\/p>\n<div class=\"videosYoutube\"><iframe frameborder=\"0\" allow=\"accelerometer; encrypted-media; gyroscope; picture-in-picture\" allowfullscreen src=\"https:\/\/www.youtube.com\/embed\/W7Bbk-yV814\"><\/iframe><\/div>\n<\/p><\/div>\n<div class=\"videosDiv\">\n<p class=\"videosTitle\">Jo\u00e3o Pe\u00e7as Lopes<\/p>\n<div class=\"videosYoutube\"><iframe frameborder=\"0\" allow=\"accelerometer; encrypted-media; gyroscope; picture-in-picture\" allowfullscreen src=\"https:\/\/www.youtube.com\/embed\/2sIfZxP8eKY\"><\/iframe><\/div>\n<\/p><\/div>\n<div class=\"videosDiv\">\n<p class=\"videosTitle\">Filipe Joel Soares<\/p>\n<div class=\"videosYoutube\"><iframe frameborder=\"0\" allow=\"accelerometer; encrypted-media; gyroscope; picture-in-picture\" allowfullscreen src=\"https:\/\/www.youtube.com\/embed\/rxpxnL5Gd7c\"><\/iframe><\/div>\n<\/p><\/div>\n<div class=\"videosDiv\">\n<p class=\"videosTitle\">Ricardo Bessa<\/p>\n<div class=\"videosYoutube\"><iframe frameborder=\"0\" allow=\"accelerometer; encrypted-media; gyroscope; picture-in-picture\" allowfullscreen src=\"https:\/\/www.youtube.com\/embed\/HCTd4Z07sbg\"><\/iframe><\/div>\n<\/p><\/div>\n<div class=\"videosDiv\">\n<p class=\"videosTitle\">Clara Gouveira<\/p>\n<div class=\"videosYoutube\"><iframe frameborder=\"0\" allow=\"accelerometer; encrypted-media; gyroscope; picture-in-picture\" allowfullscreen src=\"https:\/\/www.youtube.com\/embed\/szWP-pnoN-U\"><\/iframe><\/div>\n<\/p><\/div>\n<div class=\"videosDiv\">\n<p class=\"videosTitle\">Jos\u00e9 Villar<\/p>\n<div class=\"videosYoutube\"><iframe frameborder=\"0\" allow=\"accelerometer; encrypted-media; gyroscope; picture-in-picture\" allowfullscreen src=\"https:\/\/www.youtube.com\/embed\/C-2rfCKiVCs\"><\/iframe><\/div>\n<\/p><\/div>\n<\/p><\/div>\n<div class=\"buttonHomepage\">\n        <a href=\"https:\/\/energyfuture.inesctec.pt\/#custom_html-10\" class=\"homepage\">&nbsp;<\/a>\n      <\/div>\n<\/p><\/div>\n<\/p><\/div>\n<\/div>\n","protected":false},"excerpt":{"rendered":"<p>Videos The Event Live Streaming TEC4Energy Jo\u00e3o Pe\u00e7as Lopes Filipe Joel Soares Ricardo Bessa Clara Gouveira Jos\u00e9 Villar &nbsp;<\/p>\n","protected":false},"author":4,"featured_media":0,"parent":0,"menu_order":0,"comment_status":"closed","ping_status":"closed","template":"","meta":{"footnotes":""},"class_list":["post-63063","page","type-page","status-publish","hentry"],"_links":{"self":[{"href":"https:\/\/energyfuture.inesctec.pt\/index.php?rest_route=\/wp\/v2\/pages\/63063","targetHints":{"allow":["GET"]}}],"collection":[{"href":"https:\/\/energyfuture.inesctec.pt\/index.php?rest_route=\/wp\/v2\/pages"}],"about":[{"href":"https:\/\/energyfuture.inesctec.pt\/index.php?rest_route=\/wp\/v2\/types\/page"}],"author":[{"embeddable":true,"href":"https:\/\/energyfuture.inesctec.pt\/index.php?rest_route=\/wp\/v2\/users\/4"}],"replies":[{"embeddable":true,"href":"https:\/\/energyfuture.inesctec.pt\/index.php?rest_route=%2Fwp%2Fv2%2Fcomments&post=63063"}],"version-history":[{"count":23,"href":"https:\/\/energyfuture.inesctec.pt\/index.php?rest_route=\/wp\/v2\/pages\/63063\/revisions"}],"predecessor-version":[{"id":95623,"href":"https:\/\/energyfuture.inesctec.pt\/index.php?rest_route=\/wp\/v2\/pages\/63063\/revisions\/95623"}],"wp:attachment":[{"href":"https:\/\/energyfuture.inesctec.pt\/index.php?rest_route=%2Fwp%2Fv2%2Fmedia&parent=63063"}],"curies":[{"name":"wp","href":"https:\/\/api.w.org\/{rel}","templated":true}]}}