{"id":650,"date":"2019-02-27T14:59:18","date_gmt":"2019-02-27T14:59:18","guid":{"rendered":"http:\/\/energyfuture.inesctec.pt\/?page_id=650"},"modified":"2021-12-25T20:29:09","modified_gmt":"2021-12-25T20:29:09","slug":"2nd-panel-aurelio-blanquet","status":"publish","type":"page","link":"https:\/\/energyfuture.inesctec.pt\/?page_id=650","title":{"rendered":"2nd panel &#8211; Aur\u00e9lio Blanquet"},"content":{"rendered":"<p><script type=\"application\/ld+json\">\n  {\n    \"@context\": \"http:\/\/schema.org\/\",\n    \"@type\": \"Person\",\n    \"name\": \"Aur\u00e9lio Blanquet\",\n    \"image\": \"http:\/\/energyfuture.inesctec.pt\/wp-content\/uploads\/2019\/03\/Aur\u00e9lio-03-43.jpg\",\n    \"jobTitle\": \"Director for Networks Digital Platform\",\n    \"worksFor\": {\n      \"@type\": \"Organization\",\n      \"name\": \"EDP Distribui\u00e7\u00e3o\"\n    }\n  }\n<\/script><\/p>\n<div class=\"container profilePage\">\n<div class=\"row profile\">\n<div class=\"col-md-3\">\n<div class=\"profile-sidebar\">\n<div class=\"profile-userpic\">\n          <img decoding=\"async\" src=\"https:\/\/energyfuture.inesctec.pt\/wp-content\/uploads\/2019\/03\/Aur%c3%a9lio-03-43.jpg\" class=\"img-responsive\" alt=\"Aur\u00e9lio Blanquet\">\n        <\/div>\n<div class=\"profile-usertitle\">\n<div class=\"profile-usertitle-name\">Aur\u00e9lio Blanquet<\/div>\n<div class=\"profile-usertitle-area\">Director for Networks Digital Platform<\/div>\n<\/p><\/div>\n<div class=\"profile-userbuttons\">\n<div class=\"company\">\n            <a href=\"https:\/\/www.e-redes.pt\/en\" target=\"_blank\" rel=\"noopener noreferrer\"><br \/>\n              <img decoding=\"async\" class=\"logo\" src=\"https:\/\/energyfuture.inesctec.pt\/wp-content\/uploads\/2019\/03\/LogoEDPDistribuicao_low.png\" alt=\"EDP Distribui\u00e7\u00e3o Logo\"><\/a>\n          <\/div>\n<\/p><\/div>\n<div class=\"profile-usermenu\">\n<ul class=\"nav\">\n<li class=\"active\">\n              <a href=\"https:\/\/www.linkedin.com\/in\/aurelio-blanquet-6b04418\/\" target=\"_blank\" rel=\"noopener noreferrer\"><br \/>\n                <img decoding=\"async\" class=\"ico-logo\" src=\"https:\/\/www.glyphicons.com\/img\/tools\/linkedin.svg\" alt=\"LinkedIn Logo\">LinkedIn<\/a>\n            <\/li>\n<li class=\"active\">\n              <a href=\"https:\/\/twitter.com\/AurelioBlanquet\" target=\"_blank\" rel=\"noopener noreferrer\"><br \/>\n                <img decoding=\"async\" class=\"ico-logo\" src=\"https:\/\/www.glyphicons.com\/img\/tools\/twitter.svg\" alt=\"Twitter Logo\">Twitter<\/a>\n            <\/li>\n<\/ul><\/div>\n<\/p><\/div>\n<\/p><\/div>\n<div class=\"col-md-9\">\n<div class=\"profile-content\">\n<p class=\"biography\">Biography<\/p>\n<p>\n          Aur\u00e9lio Blanquet is graduated in Electronics Engineering and has a MBA in business administration. Since 2017, Aur\u00e9lio Blanquet is Director for Networks Digital Platform at EDP Distribui\u00e7\u00e3o, Vice-President of EUTC (European Utilities Telecom Council), Board Member of Prime Alliance and Executive Member of the Assembly Committee of ENCS (European Network for Cyber Security). From 2007 until 2017, he was Director of Automation and Telecommunications in EDP Distribui\u00e7\u00e3o, Chair of EE-ISAC (European Energy Information and Analysis Center), Board Member of EUTC (European Utilities Telecom Council), Board Member of Prime Alliance, Member of Eurelectric WG Distribution System Design as Portugal representative and Member of the EC Expert Group 2 (EG2), an initiative focused in Data Privacy, Data Protection and Cyber Security of smart grids, within the SGTF (Smart Grids Task Force). From 2002 to 2007, Aur\u00e9lio Blanquet was Associate Director of Network Operations at EDP Distribui\u00e7\u00e3o. Fom 1999 until 2007, he was Director at ONI Telecom, head of Business Development Projects and responsible for the e-commerce B2C business. Until 1999, he was Head of Department for Tele-control and Telecommunications at EDP. Aur\u00e9lio Blanquet has been Project Manager of R&#038;D Projects covering the area of SCADA\/DSM Systems, Substation Automation, Distribution Automation, Intelligent Sensors and Digital Power-Line Telecommunications.\n        <\/p>\n<\/p><\/div>\n<div class=\"buttonHomepage\">\n        <a href=\"https:\/\/energyfuture.inesctec.pt\/#custom_html-4\" class=\"homepage\">&nbsp;<\/a>\n      <\/div>\n<\/p><\/div>\n<\/p><\/div>\n<\/div>\n","protected":false},"excerpt":{"rendered":"<p>Aur\u00e9lio Blanquet Director for Networks Digital Platform LinkedIn Twitter Biography Aur\u00e9lio Blanquet is graduated in Electronics Engineering and has a MBA in business administration. Since 2017, Aur\u00e9lio Blanquet is Director for Networks Digital Platform at EDP Distribui\u00e7\u00e3o, Vice-President of EUTC (European Utilities Telecom Council), Board Member of Prime Alliance and Executive Member of the Assembly<\/p>\n<div><a class=\"btn-filled btn\" href=\"https:\/\/energyfuture.inesctec.pt\/?page_id=650\" title=\"2nd panel &#8211; Aur\u00e9lio Blanquet\">Read More<\/a><\/div>\n","protected":false},"author":4,"featured_media":0,"parent":0,"menu_order":0,"comment_status":"closed","ping_status":"closed","template":"","meta":{"footnotes":""},"class_list":["post-650","page","type-page","status-publish","hentry"],"_links":{"self":[{"href":"https:\/\/energyfuture.inesctec.pt\/index.php?rest_route=\/wp\/v2\/pages\/650","targetHints":{"allow":["GET"]}}],"collection":[{"href":"https:\/\/energyfuture.inesctec.pt\/index.php?rest_route=\/wp\/v2\/pages"}],"about":[{"href":"https:\/\/energyfuture.inesctec.pt\/index.php?rest_route=\/wp\/v2\/types\/page"}],"author":[{"embeddable":true,"href":"https:\/\/energyfuture.inesctec.pt\/index.php?rest_route=\/wp\/v2\/users\/4"}],"replies":[{"embeddable":true,"href":"https:\/\/energyfuture.inesctec.pt\/index.php?rest_route=%2Fwp%2Fv2%2Fcomments&post=650"}],"version-history":[{"count":17,"href":"https:\/\/energyfuture.inesctec.pt\/index.php?rest_route=\/wp\/v2\/pages\/650\/revisions"}],"predecessor-version":[{"id":95656,"href":"https:\/\/energyfuture.inesctec.pt\/index.php?rest_route=\/wp\/v2\/pages\/650\/revisions\/95656"}],"wp:attachment":[{"href":"https:\/\/energyfuture.inesctec.pt\/index.php?rest_route=%2Fwp%2Fv2%2Fmedia&parent=650"}],"curies":[{"name":"wp","href":"https:\/\/api.w.org\/{rel}","templated":true}]}}